{"id":999914823,"date":"2025-07-16T13:17:36","date_gmt":"2025-07-16T11:17:36","guid":{"rendered":"https:\/\/zitoniq.com\/?post_type=product&#038;p=999914823"},"modified":"2026-03-26T12:50:02","modified_gmt":"2026-03-26T11:50:02","slug":"kola","status":"publish","type":"product","link":"https:\/\/zitoniq.com\/fr\/produkt\/kola\/","title":{"rendered":"Zitoniq &#8211; Kola"},"content":{"rendered":"","protected":false},"excerpt":{"rendered":"<p>Eine Kola mit Charakter \u2013 komponiert aus zehn fein abgestimmten Aromaextrakten aus Zitrusfr\u00fcchten und Gew\u00fcrzen. Harmonisch und vielschichtig.<\/p>\n<hr \/>\n<p><strong>Coffeinhaltiges Erfrischungs\u00adgetr\u00e4nk, kohlens\u00e4urehaltig<\/strong><\/p>\n<p>Zutaten: Wasser, Zucker, Kohlens\u00e4ure, Farbstoff Zuckercouleur (E-150d), S\u00e4uerungsmittel Phosphor- und Citronens\u00e4ure, Coffein, Emulgator Gummi arabicum, Extrakte aus Zitrusfr\u00fcchten und Gew\u00fcrzen.<\/p>\n<p>N\u00e4hrwerte pro 100\u2005ml:<br \/>\nEnergie 165 kJ\u2009\/\u200939\u2005kcal<br \/>\nFett\u2009&lt;\u20090.1\u2005g, davon ges\u00e4ttigte Fetts\u00e4uren &lt;\u20090.1\u2005g<br \/>\nKohlenhydrate 9.7\u2009g, davon Zucker 9.7\u2009g<br \/>\nEiweiss\u2009&lt;\u20090.1\u2005g,<br \/>\nSalz 0\u2005g<\/p>\n","protected":false},"featured_media":999914745,"comment_status":"open","ping_status":"closed","template":"","meta":{"_seopress_robots_primary_cat":"none","_seopress_titles_title":"","_seopress_titles_desc":"","_seopress_robots_index":""},"product_brand":[],"product_cat":[15,40],"product_tag":[],"class_list":{"0":"post-999914823","1":"product","2":"type-product","3":"status-publish","4":"has-post-thumbnail","6":"product_cat-uncategorized","7":"product_cat-sortenrein","9":"first","10":"instock","11":"shipping-taxable","12":"purchasable","13":"product-type-bundle"},"composite_virtual":false,"composite_layout":"","composite_add_to_cart_form_location":"","composite_editable_in_cart":false,"composite_sold_individually_context":"","composite_shop_price_calc":"","composite_components":[],"composite_scenarios":[],"bundled_by":[],"bundle_stock_status":"instock","bundle_stock_quantity":2,"bundle_virtual":false,"bundle_layout":"default","bundle_add_to_cart_form_location":"default","bundle_editable_in_cart":false,"bundle_sold_individually_context":"product","bundle_item_grouping":"parent","bundle_min_size":"","bundle_max_size":"","bundle_price":{"price":{"min":{"incl_tax":"64","excl_tax":"64"},"max":{"incl_tax":"64","excl_tax":"64"}},"regular_price":{"min":{"incl_tax":"64","excl_tax":"64"},"max":{"incl_tax":"64","excl_tax":"64"}}},"bundled_items":[{"bundled_item_id":5,"product_id":999915609,"menu_order":0,"quantity_min":20,"quantity_max":20,"quantity_default":20,"priced_individually":false,"shipped_individually":false,"override_title":false,"title":"Zitoniq - Kola, 20 cl","override_description":false,"description":"","optional":false,"hide_thumbnail":false,"discount":"","override_variations":false,"allowed_variations":[],"override_default_variation_attributes":false,"default_variation_attributes":[],"single_product_visibility":"visible","cart_visibility":"visible","order_visibility":"visible","single_product_price_visibility":"visible","cart_price_visibility":"visible","order_price_visibility":"visible","stock_status":"in_stock"}],"bundle_sell_ids":[],"_links":{"self":[{"href":"https:\/\/zitoniq.com\/fr\/wp-json\/wp\/v2\/product\/999914823","targetHints":{"allow":["GET"]}}],"collection":[{"href":"https:\/\/zitoniq.com\/fr\/wp-json\/wp\/v2\/product"}],"about":[{"href":"https:\/\/zitoniq.com\/fr\/wp-json\/wp\/v2\/types\/product"}],"replies":[{"embeddable":true,"href":"https:\/\/zitoniq.com\/fr\/wp-json\/wp\/v2\/comments?post=999914823"}],"wp:featuredmedia":[{"embeddable":true,"href":"https:\/\/zitoniq.com\/fr\/wp-json\/wp\/v2\/media\/999914745"}],"wp:attachment":[{"href":"https:\/\/zitoniq.com\/fr\/wp-json\/wp\/v2\/media?parent=999914823"}],"wp:term":[{"taxonomy":"product_brand","embeddable":true,"href":"https:\/\/zitoniq.com\/fr\/wp-json\/wp\/v2\/product_brand?post=999914823"},{"taxonomy":"product_cat","embeddable":true,"href":"https:\/\/zitoniq.com\/fr\/wp-json\/wp\/v2\/product_cat?post=999914823"},{"taxonomy":"product_tag","embeddable":true,"href":"https:\/\/zitoniq.com\/fr\/wp-json\/wp\/v2\/product_tag?post=999914823"}],"curies":[{"name":"wp","href":"https:\/\/api.w.org\/{rel}","templated":true}]}}